{"id":13,"date":"2025-01-23T09:25:26","date_gmt":"2025-01-23T09:25:26","guid":{"rendered":"https:\/\/okw.klaudiapyciarz.com.pl\/?page_id=13"},"modified":"2026-01-09T10:16:35","modified_gmt":"2026-01-09T10:16:35","slug":"home","status":"publish","type":"page","link":"https:\/\/profemmina.pl\/uk\/","title":{"rendered":"Home"},"content":{"rendered":"\t\t<div data-elementor-type=\"wp-page\" data-elementor-id=\"13\" class=\"elementor elementor-13\" data-elementor-post-type=\"page\">\n\t\t\t\t<div class=\"elementor-element elementor-element-704cd6f e-con-full e-flex e-con e-parent\" data-id=\"704cd6f\" data-element_type=\"container\" data-e-type=\"container\" data-settings=\"{&quot;background_background&quot;:&quot;classic&quot;}\">\n\t\t<div class=\"elementor-element elementor-element-97b5ee8 e-con-full e-flex e-con e-child\" data-id=\"97b5ee8\" data-element_type=\"container\" data-e-type=\"container\" data-settings=\"{&quot;background_background&quot;:&quot;classic&quot;}\">\n\t\t<div class=\"elementor-element elementor-element-2a501f9 e-con-full e-flex e-con e-child\" data-id=\"2a501f9\" data-element_type=\"container\" data-e-type=\"container\">\n\t\t\t\t<div class=\"elementor-element elementor-element-4317f4e elementor-widget elementor-widget-heading\" data-id=\"4317f4e\" data-element_type=\"widget\" data-e-type=\"widget\" data-widget_type=\"heading.default\">\n\t\t\t\t<div class=\"elementor-widget-container\">\n\t\t\t\t\t<h1 class=\"elementor-heading-title elementor-size-default\">ProFemmina - centrum zdrowia kobiety<\/h1>\t\t\t\t<\/div>\n\t\t\t\t<\/div>\n\t\t\t\t<div class=\"elementor-element elementor-element-9523c68 elementor-widget elementor-widget-text-editor\" data-id=\"9523c68\" data-element_type=\"widget\" data-e-type=\"widget\" data-widget_type=\"text-editor.default\">\n\t\t\t\t<div class=\"elementor-widget-container\">\n\t\t\t\t\t\t\t\t\t<p>Um\u00f3w wizyt\u0119 w naszym centrum medycznym i skorzystaj z profesjonalnej opieki zdrowotnej dopasowanej do Twoich potrzeb. Zaufaj najlepszym specjalistom w swojej okolicy!<\/p><p data-start=\"1029\" data-end=\"1178\">Prowadzimy w ramach NFZ wizyty \u2013 <strong data-start=\"1112\" data-end=\"1139\">ginekolog dzieci\u0119cy NFZ<\/strong> oraz <strong data-start=\"1145\" data-end=\"1176\">ginekolog dla doros\u0142ych NFZ.<\/strong><\/p>\t\t\t\t\t\t\t\t<\/div>\n\t\t\t\t<\/div>\n\t\t\t\t<\/div>\n\t\t<div class=\"elementor-element elementor-element-9fca4f5 e-con-full e-flex e-con e-child\" data-id=\"9fca4f5\" data-element_type=\"container\" data-e-type=\"container\">\n\t\t\t\t<div class=\"elementor-element elementor-element-ab7d36b elementor-align-center elementor-widget elementor-widget-button\" data-id=\"ab7d36b\" data-element_type=\"widget\" data-e-type=\"widget\" data-widget_type=\"button.default\">\n\t\t\t\t<div class=\"elementor-widget-container\">\n\t\t\t\t\t\t\t\t\t<div class=\"elementor-button-wrapper\">\n\t\t\t\t\t<a class=\"elementor-button elementor-button-link elementor-size-sm\" href=\"#oferta\">\n\t\t\t\t\t\t<span class=\"elementor-button-content-wrapper\">\n\t\t\t\t\t\t\t\t\t<span class=\"elementor-button-text\">Oferta<\/span>\n\t\t\t\t\t<\/span>\n\t\t\t\t\t<\/a>\n\t\t\t\t<\/div>\n\t\t\t\t\t\t\t\t<\/div>\n\t\t\t\t<\/div>\n\t\t\t\t<div class=\"elementor-element elementor-element-abb0ba7 elementor-align-center elementor-widget elementor-widget-button\" data-id=\"abb0ba7\" data-element_type=\"widget\" data-e-type=\"widget\" data-widget_type=\"button.default\">\n\t\t\t\t<div class=\"elementor-widget-container\">\n\t\t\t\t\t\t\t\t\t<div class=\"elementor-button-wrapper\">\n\t\t\t\t\t<a class=\"elementor-button elementor-button-link elementor-size-sm\" href=\"tel:786880434\">\n\t\t\t\t\t\t<span class=\"elementor-button-content-wrapper\">\n\t\t\t\t\t\t<span class=\"elementor-button-icon\">\n\t\t\t\t<svg aria-hidden=\"true\" class=\"e-font-icon-svg e-fas-phone-alt\" viewBox=\"0 0 512 512\" xmlns=\"http:\/\/www.w3.org\/2000\/svg\"><path d=\"M497.39 361.8l-112-48a24 24 0 0 0-28 6.9l-49.6 60.6A370.66 370.66 0 0 1 130.6 204.11l60.6-49.6a23.94 23.94 0 0 0 6.9-28l-48-112A24.16 24.16 0 0 0 122.6.61l-104 24A24 24 0 0 0 0 48c0 256.5 207.9 464 464 464a24 24 0 0 0 23.4-18.6l24-104a24.29 24.29 0 0 0-14.01-27.6z\"><\/path><\/svg>\t\t\t<\/span>\n\t\t\t\t\t\t\t\t\t<span class=\"elementor-button-text\">Zadzwo\u0144 do nas<\/span>\n\t\t\t\t\t<\/span>\n\t\t\t\t\t<\/a>\n\t\t\t\t<\/div>\n\t\t\t\t\t\t\t\t<\/div>\n\t\t\t\t<\/div>\n\t\t\t\t<div class=\"elementor-element elementor-element-48f48db elementor-align-center elementor-widget elementor-widget-button\" data-id=\"48f48db\" data-element_type=\"widget\" data-e-type=\"widget\" data-widget_type=\"button.default\">\n\t\t\t\t<div class=\"elementor-widget-container\">\n\t\t\t\t\t\t\t\t\t<div class=\"elementor-button-wrapper\">\n\t\t\t\t\t<a class=\"elementor-button elementor-button-link elementor-size-sm\" href=\"http:\/\/profemmina.pl\/kontakt\/#formularz\">\n\t\t\t\t\t\t<span class=\"elementor-button-content-wrapper\">\n\t\t\t\t\t\t\t\t\t<span class=\"elementor-button-text\">Napisz wiadomo\u015b\u0107<\/span>\n\t\t\t\t\t<\/span>\n\t\t\t\t\t<\/a>\n\t\t\t\t<\/div>\n\t\t\t\t\t\t\t\t<\/div>\n\t\t\t\t<\/div>\n\t\t\t\t<\/div>\n\t\t\t\t<\/div>\n\t\t\t\t<\/div>\n\t\t<div class=\"elementor-element elementor-element-65e4ee2 e-con-full e-flex e-con e-parent\" data-id=\"65e4ee2\" data-element_type=\"container\" data-e-type=\"container\" id=\"o-nas\">\n\t\t<div class=\"elementor-element elementor-element-67debda e-con-full e-flex e-con e-child\" data-id=\"67debda\" data-element_type=\"container\" data-e-type=\"container\">\n\t\t\t\t<div class=\"elementor-element elementor-element-0744e0e elementor-widget elementor-widget-heading\" data-id=\"0744e0e\" data-element_type=\"widget\" data-e-type=\"widget\" data-widget_type=\"heading.default\">\n\t\t\t\t<div class=\"elementor-widget-container\">\n\t\t\t\t\t<h2 class=\"elementor-heading-title elementor-size-default\">Fundamenty <span style=\"color:#E51A86\">naszego<\/span> centrum<\/h2>\t\t\t\t<\/div>\n\t\t\t\t<\/div>\n\t\t\t\t<div class=\"elementor-element elementor-element-4cf90b6 elementor-widget elementor-widget-heading\" data-id=\"4cf90b6\" data-element_type=\"widget\" data-e-type=\"widget\" data-widget_type=\"heading.default\">\n\t\t\t\t<div class=\"elementor-widget-container\">\n\t\t\t\t\t<h2 class=\"elementor-heading-title elementor-size-default\">Kim jeste\u015bmy?<\/h2>\t\t\t\t<\/div>\n\t\t\t\t<\/div>\n\t\t\t\t<div class=\"elementor-element elementor-element-8aaf113 elementor-widget elementor-widget-text-editor\" data-id=\"8aaf113\" data-element_type=\"widget\" data-e-type=\"widget\" data-widget_type=\"text-editor.default\">\n\t\t\t\t<div class=\"elementor-widget-container\">\n\t\t\t\t\t\t\t\t\t<p>Jeste\u015bmy dynamicznie rozwijaj\u0105cym si\u0119 Centrum Medycznym, specjalizuj\u0105cym si\u0119 w kompleksowej opiece nad zdrowiem kobiet. Nasz zesp\u00f3\u0142 do\u015bwiadczonych specjalist\u00f3w \u015bwiadczy us\u0142ugi na najwy\u017cszym poziomie, dbaj\u0105c o komfort i bezpiecze\u0144stwo Pacjentek w przyjaznej, rodzinnej atmosferze.<\/p><p>Nieustannie podnosimy standardy, oferuj\u0105c opiek\u0119 opart\u0105 na jako\u015bci, profesjonalizmie i nowoczesnych rozwi\u0105zaniach medycznych. Nasz\u0105 misj\u0105 jest troska o zdrowie obecnych i przysz\u0142ych pokole\u0144 poprzez dostarczanie precyzyjnej diagnostyki, skutecznego leczenia i kompleksowej opieki. Dzi\u0119ki nowoczesnym technologiom oraz zaanga\u017cowaniu naszych specjalist\u00f3w, ka\u017cda rodzina mo\u017ce czu\u0107 si\u0119 bezpiecznie i otoczona najlepsz\u0105 opiek\u0105.<\/p>\t\t\t\t\t\t\t\t<\/div>\n\t\t\t\t<\/div>\n\t\t\t\t<div class=\"elementor-element elementor-element-7a0f210 elementor-align-center elementor-widget elementor-widget-button\" data-id=\"7a0f210\" data-element_type=\"widget\" data-e-type=\"widget\" data-widget_type=\"button.default\">\n\t\t\t\t<div class=\"elementor-widget-container\">\n\t\t\t\t\t\t\t\t\t<div class=\"elementor-button-wrapper\">\n\t\t\t\t\t<a class=\"elementor-button elementor-button-link elementor-size-sm\" href=\"http:\/\/profemmina.pl\/specjalisci\/\">\n\t\t\t\t\t\t<span class=\"elementor-button-content-wrapper\">\n\t\t\t\t\t\t\t\t\t<span class=\"elementor-button-text\">Poznaj nas<\/span>\n\t\t\t\t\t<\/span>\n\t\t\t\t\t<\/a>\n\t\t\t\t<\/div>\n\t\t\t\t\t\t\t\t<\/div>\n\t\t\t\t<\/div>\n\t\t\t\t<\/div>\n\t\t\t\t<\/div>\n\t\t<div class=\"elementor-element elementor-element-bbc28eb e-con-full e-flex e-con e-parent\" data-id=\"bbc28eb\" data-element_type=\"container\" data-e-type=\"container\" id=\"oferta\" data-settings=\"{&quot;background_background&quot;:&quot;classic&quot;}\">\n\t\t\t\t<div class=\"elementor-element elementor-element-06f48cc elementor-widget elementor-widget-heading\" data-id=\"06f48cc\" data-element_type=\"widget\" data-e-type=\"widget\" data-widget_type=\"heading.default\">\n\t\t\t\t<div class=\"elementor-widget-container\">\n\t\t\t\t\t<h2 class=\"elementor-heading-title elementor-size-default\">Czym <span style=\"color:#E51A86\">si\u0119<\/span> zajmujemy?<\/h2>\t\t\t\t<\/div>\n\t\t\t\t<\/div>\n\t\t\t\t<div class=\"elementor-element elementor-element-5653328 elementor-widget elementor-widget-heading\" data-id=\"5653328\" data-element_type=\"widget\" data-e-type=\"widget\" data-widget_type=\"heading.default\">\n\t\t\t\t<div class=\"elementor-widget-container\">\n\t\t\t\t\t<h2 class=\"elementor-heading-title elementor-size-default\">Dbamy o to, co wa\u017cne<\/h2>\t\t\t\t<\/div>\n\t\t\t\t<\/div>\n\t\t<div class=\"elementor-element elementor-element-0a0785b e-con-full e-flex e-con e-child\" data-id=\"0a0785b\" data-element_type=\"container\" data-e-type=\"container\">\n\t\t<div class=\"elementor-element elementor-element-ba490a1 e-con-full e-flex e-con e-child\" data-id=\"ba490a1\" data-element_type=\"container\" data-e-type=\"container\" data-settings=\"{&quot;background_background&quot;:&quot;classic&quot;}\">\n\t\t\t\t<div class=\"elementor-element elementor-element-9591aed elementor-widget elementor-widget-image\" data-id=\"9591aed\" data-element_type=\"widget\" data-e-type=\"widget\" data-widget_type=\"image.default\">\n\t\t\t\t<div class=\"elementor-widget-container\">\n\t\t\t\t\t\t\t\t\t\t\t\t\t\t\t<img decoding=\"async\" width=\"100\" height=\"100\" src=\"https:\/\/profemmina.pl\/wp-content\/uploads\/2025\/02\/icons8-usg-100.png\" class=\"attachment-full size-full wp-image-413\" alt=\"\" \/>\t\t\t\t\t\t\t\t\t\t\t\t\t\t\t<\/div>\n\t\t\t\t<\/div>\n\t\t\t\t<div class=\"elementor-element elementor-element-10aed3e elementor-widget elementor-widget-heading\" data-id=\"10aed3e\" data-element_type=\"widget\" data-e-type=\"widget\" data-widget_type=\"heading.default\">\n\t\t\t\t<div class=\"elementor-widget-container\">\n\t\t\t\t\t<h2 class=\"elementor-heading-title elementor-size-default\">USG\n<div style=\"margin-top:10px;text-align:center\">\n  <div style=\"font-size:12px;line-height:1.2;font-weight:600;color:#2b2b2b\">\n    Dost\u0119pne na NFZ\n  <\/div>\n  <img decoding=\"async\" src=\"https:\/\/profemmina.pl\/wp-content\/uploads\/2026\/01\/NFZ-logo-male.jpg\" alt=\"NFZ\" style=\"margin-top:6px;height:18px;width:auto\">\n<\/div><\/h2>\t\t\t\t<\/div>\n\t\t\t\t<\/div>\n\t\t\t\t<\/div>\n\t\t<div class=\"elementor-element elementor-element-e20582c e-con-full e-flex e-con e-child\" data-id=\"e20582c\" data-element_type=\"container\" data-e-type=\"container\" data-settings=\"{&quot;background_background&quot;:&quot;classic&quot;}\">\n\t\t\t\t<div class=\"elementor-element elementor-element-5a2db35 elementor-widget elementor-widget-image\" data-id=\"5a2db35\" data-element_type=\"widget\" data-e-type=\"widget\" data-widget_type=\"image.default\">\n\t\t\t\t<div class=\"elementor-widget-container\">\n\t\t\t\t\t\t\t\t\t\t\t\t\t\t\t<img decoding=\"async\" width=\"100\" height=\"100\" src=\"https:\/\/profemmina.pl\/wp-content\/uploads\/2025\/02\/icons8-stethoscope-100.png\" class=\"attachment-full size-full wp-image-424\" alt=\"\" \/>\t\t\t\t\t\t\t\t\t\t\t\t\t\t\t<\/div>\n\t\t\t\t<\/div>\n\t\t\t\t<div class=\"elementor-element elementor-element-c1bfdaf elementor-widget elementor-widget-heading\" data-id=\"c1bfdaf\" data-element_type=\"widget\" data-e-type=\"widget\" data-widget_type=\"heading.default\">\n\t\t\t\t<div class=\"elementor-widget-container\">\n\t\t\t\t\t<h2 class=\"elementor-heading-title elementor-size-default\">Badania profilaktyczne<div style=\"margin-top:10px;text-align:center\">\n  <div style=\"font-size:12px;line-height:1.2;font-weight:600;color:#2b2b2b\">\n    Dost\u0119pne na NFZ\n  <\/div>\n  <img decoding=\"async\" src=\"https:\/\/profemmina.pl\/wp-content\/uploads\/2026\/01\/NFZ-logo-male.jpg\" alt=\"NFZ\" style=\"margin-top:6px;height:18px;width:auto\">\n<\/div><\/h2>\t\t\t\t<\/div>\n\t\t\t\t<\/div>\n\t\t\t\t<\/div>\n\t\t<div class=\"elementor-element elementor-element-4ea8e5a e-con-full e-flex e-con e-child\" data-id=\"4ea8e5a\" data-element_type=\"container\" data-e-type=\"container\" data-settings=\"{&quot;background_background&quot;:&quot;classic&quot;}\">\n\t\t\t\t<div class=\"elementor-element elementor-element-d360a2b elementor-widget elementor-widget-image\" data-id=\"d360a2b\" data-element_type=\"widget\" data-e-type=\"widget\" data-widget_type=\"image.default\">\n\t\t\t\t<div class=\"elementor-widget-container\">\n\t\t\t\t\t\t\t\t\t\t\t\t\t\t\t<img decoding=\"async\" width=\"100\" height=\"100\" src=\"https:\/\/profemmina.pl\/wp-content\/uploads\/2025\/02\/icons8-consultation-100.png\" class=\"attachment-full size-full wp-image-415\" alt=\"\" \/>\t\t\t\t\t\t\t\t\t\t\t\t\t\t\t<\/div>\n\t\t\t\t<\/div>\n\t\t\t\t<div class=\"elementor-element elementor-element-dbfef68 elementor-widget elementor-widget-heading\" data-id=\"dbfef68\" data-element_type=\"widget\" data-e-type=\"widget\" data-widget_type=\"heading.default\">\n\t\t\t\t<div class=\"elementor-widget-container\">\n\t\t\t\t\t<h2 class=\"elementor-heading-title elementor-size-default\">Konsultacja ginekologiczna<div style=\"margin-top:10px;text-align:center\">\n  <div style=\"font-size:12px;line-height:1.2;font-weight:600;color:#2b2b2b\">\n    Dost\u0119pne na NFZ\n  <\/div>\n  <img decoding=\"async\" src=\"https:\/\/profemmina.pl\/wp-content\/uploads\/2026\/01\/NFZ-logo-male.jpg\" alt=\"NFZ\" style=\"margin-top:6px;height:18px;width:auto\">\n<\/div><\/h2>\t\t\t\t<\/div>\n\t\t\t\t<\/div>\n\t\t\t\t<\/div>\n\t\t<div class=\"elementor-element elementor-element-778c78f e-con-full e-flex e-con e-child\" data-id=\"778c78f\" data-element_type=\"container\" data-e-type=\"container\" data-settings=\"{&quot;background_background&quot;:&quot;classic&quot;}\">\n\t\t\t\t<div class=\"elementor-element elementor-element-2e8dd50 elementor-widget elementor-widget-image\" data-id=\"2e8dd50\" data-element_type=\"widget\" data-e-type=\"widget\" data-widget_type=\"image.default\">\n\t\t\t\t<div class=\"elementor-widget-container\">\n\t\t\t\t\t\t\t\t\t\t\t\t\t\t\t<img loading=\"lazy\" decoding=\"async\" width=\"100\" height=\"100\" src=\"https:\/\/profemmina.pl\/wp-content\/uploads\/2025\/02\/icons8-pregnancy-100.png\" class=\"attachment-full size-full wp-image-416\" alt=\"\" \/>\t\t\t\t\t\t\t\t\t\t\t\t\t\t\t<\/div>\n\t\t\t\t<\/div>\n\t\t\t\t<div class=\"elementor-element elementor-element-5616c21 elementor-widget elementor-widget-heading\" data-id=\"5616c21\" data-element_type=\"widget\" data-e-type=\"widget\" data-widget_type=\"heading.default\">\n\t\t\t\t<div class=\"elementor-widget-container\">\n\t\t\t\t\t<h2 class=\"elementor-heading-title elementor-size-default\">Prowadzenie ci\u0105\u017cy<div style=\"margin-top:10px;text-align:center\">\n  <div style=\"font-size:12px;line-height:1.2;font-weight:600;color:#2b2b2b\">\n    Dost\u0119pne na NFZ\n  <\/div>\n  <img decoding=\"async\" src=\"https:\/\/profemmina.pl\/wp-content\/uploads\/2026\/01\/NFZ-logo-male.jpg\" alt=\"NFZ\" style=\"margin-top:6px;height:18px;width:auto\">\n<\/div><\/h2>\t\t\t\t<\/div>\n\t\t\t\t<\/div>\n\t\t\t\t<\/div>\n\t\t\t\t<\/div>\n\t\t<div class=\"elementor-element elementor-element-7d39479 e-flex e-con-boxed e-con e-child\" data-id=\"7d39479\" data-element_type=\"container\" data-e-type=\"container\">\n\t\t\t\t\t<div class=\"e-con-inner\">\n\t\t\t\t<div class=\"elementor-element elementor-element-e90ef39 elementor-align-center elementor-widget elementor-widget-button\" data-id=\"e90ef39\" data-element_type=\"widget\" data-e-type=\"widget\" data-widget_type=\"button.default\">\n\t\t\t\t<div class=\"elementor-widget-container\">\n\t\t\t\t\t\t\t\t\t<div class=\"elementor-button-wrapper\">\n\t\t\t\t\t<a class=\"elementor-button elementor-button-link elementor-size-sm\" href=\"http:\/\/profemmina.pl\/cennik\/\">\n\t\t\t\t\t\t<span class=\"elementor-button-content-wrapper\">\n\t\t\t\t\t\t\t\t\t<span class=\"elementor-button-text\">Zobacz cennik<\/span>\n\t\t\t\t\t<\/span>\n\t\t\t\t\t<\/a>\n\t\t\t\t<\/div>\n\t\t\t\t\t\t\t\t<\/div>\n\t\t\t\t<\/div>\n\t\t\t\t\t<\/div>\n\t\t\t\t<\/div>\n\t\t\t\t<\/div>\n\t\t<div class=\"elementor-element elementor-element-85db9b4 e-con-full e-flex e-con e-parent\" data-id=\"85db9b4\" data-element_type=\"container\" data-e-type=\"container\">\n\t\t\t\t<div class=\"elementor-element elementor-element-6687c87 elementor-widget elementor-widget-heading\" data-id=\"6687c87\" data-element_type=\"widget\" data-e-type=\"widget\" data-widget_type=\"heading.default\">\n\t\t\t\t<div class=\"elementor-widget-container\">\n\t\t\t\t\t<h2 class=\"elementor-heading-title elementor-size-default\">Centrum <span style=\"color:#E51A86\">zdrowia<\/span> kobiety<\/h2>\t\t\t\t<\/div>\n\t\t\t\t<\/div>\n\t\t<div class=\"elementor-element elementor-element-10ac6d4 e-grid e-con-full e-con e-child\" data-id=\"10ac6d4\" data-element_type=\"container\" data-e-type=\"container\">\n\t\t<div class=\"elementor-element elementor-element-676a468 e-con-full e-flex e-con e-child\" data-id=\"676a468\" data-element_type=\"container\" data-e-type=\"container\">\n\t\t\t\t<div class=\"elementor-element elementor-element-dc2e6c0 elementor-widget elementor-widget-heading\" data-id=\"dc2e6c0\" data-element_type=\"widget\" data-e-type=\"widget\" data-widget_type=\"heading.default\">\n\t\t\t\t<div class=\"elementor-widget-container\">\n\t\t\t\t\t<h2 class=\"elementor-heading-title elementor-size-default\">Specjali\u015bci<\/h2>\t\t\t\t<\/div>\n\t\t\t\t<\/div>\n\t\t\t\t<div class=\"elementor-element elementor-element-ad78c7b elementor-widget elementor-widget-text-editor\" data-id=\"ad78c7b\" data-element_type=\"widget\" data-e-type=\"widget\" data-widget_type=\"text-editor.default\">\n\t\t\t\t<div class=\"elementor-widget-container\">\n\t\t\t\t\t\t\t\t\t<p>Nasz zesp\u00f3\u0142 sk\u0142ada si\u0119 z do\u015bwiadczonych specjalist\u00f3w, kt\u00f3rzy z empati\u0105 i profesjonalizmem podchodz\u0105 do ka\u017cdej pacjentki. Dbamy o to, aby\u015b czu\u0142a si\u0119 komfortowo i bezpiecznie podczas ka\u017cdej wizyty.<\/p>\t\t\t\t\t\t\t\t<\/div>\n\t\t\t\t<\/div>\n\t\t\t\t<\/div>\n\t\t<div class=\"elementor-element elementor-element-8b7fd73 e-con-full e-flex e-con e-child\" data-id=\"8b7fd73\" data-element_type=\"container\" data-e-type=\"container\" data-settings=\"{&quot;background_background&quot;:&quot;classic&quot;}\">\n\t\t\t\t<\/div>\n\t\t<div class=\"elementor-element elementor-element-24ab57b e-con-full e-flex e-con e-child\" data-id=\"24ab57b\" data-element_type=\"container\" data-e-type=\"container\" data-settings=\"{&quot;background_background&quot;:&quot;classic&quot;}\">\n\t\t\t\t<\/div>\n\t\t<div class=\"elementor-element elementor-element-7e3483a e-con-full e-flex e-con e-child\" data-id=\"7e3483a\" data-element_type=\"container\" data-e-type=\"container\" data-settings=\"{&quot;background_background&quot;:&quot;classic&quot;}\">\n\t\t\t\t<\/div>\n\t\t<div class=\"elementor-element elementor-element-e11e50b e-con-full e-flex e-con e-child\" data-id=\"e11e50b\" data-element_type=\"container\" data-e-type=\"container\" data-settings=\"{&quot;background_background&quot;:&quot;classic&quot;}\">\n\t\t\t\t<\/div>\n\t\t<div class=\"elementor-element elementor-element-35144ab e-con-full e-flex e-con e-child\" data-id=\"35144ab\" data-element_type=\"container\" data-e-type=\"container\">\n\t\t\t\t<div class=\"elementor-element elementor-element-4eb1ef2 elementor-widget elementor-widget-heading\" data-id=\"4eb1ef2\" data-element_type=\"widget\" data-e-type=\"widget\" data-widget_type=\"heading.default\">\n\t\t\t\t<div class=\"elementor-widget-container\">\n\t\t\t\t\t<h2 class=\"elementor-heading-title elementor-size-default\">Us\u0142ugi<\/h2>\t\t\t\t<\/div>\n\t\t\t\t<\/div>\n\t\t\t\t<div class=\"elementor-element elementor-element-d3d0a22 elementor-widget elementor-widget-text-editor\" data-id=\"d3d0a22\" data-element_type=\"widget\" data-e-type=\"widget\" data-widget_type=\"text-editor.default\">\n\t\t\t\t<div class=\"elementor-widget-container\">\n\t\t\t\t\t\t\t\t\t<p>Nasza oferta zosta\u0142a stworzona z my\u015bl\u0105 o kompleksowej opiece zdrowotnej, dopasowanej do potrzeb ka\u017cdej kobiety. Opr\u00f3cz wizyt prywatnych przyjmujemy r\u00f3wnie\u017c w ramach NFZ \u2013 w tym: <em data-start=\"499\" data-end=\"524\">ginekolog dzieci\u0119cy NFZ<\/em> oraz <em data-start=\"530\" data-end=\"559\">ginekolog dla doros\u0142ych NFZ<\/em>.<\/p>\t\t\t\t\t\t\t\t<\/div>\n\t\t\t\t<\/div>\n\t\t\t\t<\/div>\n\t\t<div class=\"elementor-element elementor-element-5d7cf8f e-con-full e-flex e-con e-child\" data-id=\"5d7cf8f\" data-element_type=\"container\" data-e-type=\"container\" data-settings=\"{&quot;background_background&quot;:&quot;classic&quot;}\">\n\t\t\t\t<\/div>\n\t\t<div class=\"elementor-element elementor-element-da458e3 e-con-full e-flex e-con e-child\" data-id=\"da458e3\" data-element_type=\"container\" data-e-type=\"container\">\n\t\t\t\t<div class=\"elementor-element elementor-element-7c48c85 elementor-widget elementor-widget-heading\" data-id=\"7c48c85\" data-element_type=\"widget\" data-e-type=\"widget\" data-widget_type=\"heading.default\">\n\t\t\t\t<div class=\"elementor-widget-container\">\n\t\t\t\t\t<h2 class=\"elementor-heading-title elementor-size-default\">Ginekologia<\/h2>\t\t\t\t<\/div>\n\t\t\t\t<\/div>\n\t\t\t\t<div class=\"elementor-element elementor-element-e028a40 elementor-widget elementor-widget-text-editor\" data-id=\"e028a40\" data-element_type=\"widget\" data-e-type=\"widget\" data-widget_type=\"text-editor.default\">\n\t\t\t\t<div class=\"elementor-widget-container\">\n\t\t\t\t\t\t\t\t\t<p>Profilaktyka, diagnostyka oraz leczenie schorze\u0144 ginekologicznych, prowadzenie ci\u0105\u017cy, badania prenatalne i opieka poporodowa. Przyjmujemy w ramach NFZ \u2013 dost\u0119pne s\u0105 konsultacje: <em data-start=\"1200\" data-end=\"1229\">ginekolog dla doros\u0142ych NFZ<\/em> oraz <em data-start=\"1235\" data-end=\"1260\">ginekolog dzieci\u0119cy NFZ<\/em>.<\/p>\t\t\t\t\t\t\t\t<\/div>\n\t\t\t\t<\/div>\n\t\t\t\t<\/div>\n\t\t<div class=\"elementor-element elementor-element-d1c5414 e-con-full e-flex e-con e-child\" data-id=\"d1c5414\" data-element_type=\"container\" data-e-type=\"container\" data-settings=\"{&quot;background_background&quot;:&quot;classic&quot;}\">\n\t\t\t\t<\/div>\n\t\t\t\t<\/div>\n\t\t\t\t<\/div>\n\t\t<div class=\"elementor-element elementor-element-83dfce8 e-con-full elementor-hidden-tablet elementor-hidden-mobile e-flex e-con e-parent\" data-id=\"83dfce8\" data-element_type=\"container\" data-e-type=\"container\" data-settings=\"{&quot;position&quot;:&quot;fixed&quot;}\">\n\t\t\t\t<div class=\"elementor-element elementor-element-3bab95e elementor-widget elementor-widget-html\" data-id=\"3bab95e\" data-element_type=\"widget\" data-e-type=\"widget\" data-widget_type=\"html.default\">\n\t\t\t\t<div class=\"elementor-widget-container\">\n\t\t\t\t\t<a class=\"zl-facility-url\" href=\"https:\/\/www.znanylekarz.pl\/placowki\/profemmina\" rel=\"nofollow noopener\" data-zlw-facility=\"profemmina\" data-zlw-type=\"facility-big\" data-zlw-saas-only=\"true\" data-zlw-a11y-title=\"Widget um\u00f3wienia wizyty lekarskiej\" target=\"_blank\">Profemmina<\/a><script>!function($_x,_s,id){var js,fjs=$_x.getElementsByTagName(_s)[0];if(!$_x.getElementById(id)){js = $_x.createElement(_s);js.id = id;js.src = \"\/\/platform.docplanner.com\/js\/widget.js\";fjs.parentNode.insertBefore(js,fjs);}}(document,\"script\",\"zl-widget-s\");<\/script>\t\t\t\t<\/div>\n\t\t\t\t<\/div>\n\t\t\t\t<\/div>\n\t\t\t\t<\/div>\n\t\t","protected":false},"excerpt":{"rendered":"<p>ProFemmina &#8211; centrum zdrowia kobiety Um\u00f3w wizyt\u0119 w naszym centrum medycznym i skorzystaj z profesjonalnej opieki zdrowotnej dopasowanej do Twoich potrzeb. Zaufaj najlepszym specjalistom w swojej okolicy! Prowadzimy w ramach NFZ wizyty \u2013 ginekolog dzieci\u0119cy NFZ oraz ginekolog dla doros\u0142ych NFZ. Oferta Zadzwo\u0144 do nas Napisz wiadomo\u015b\u0107 Fundamenty naszego centrum Kim jeste\u015bmy? Jeste\u015bmy dynamicznie rozwijaj\u0105cym [&hellip;]<\/p>\n","protected":false},"author":1,"featured_media":0,"parent":0,"menu_order":0,"comment_status":"closed","ping_status":"closed","template":"","meta":{"_acf_changed":false,"footnotes":""},"class_list":["post-13","page","type-page","status-publish","hentry"],"acf":[],"_links":{"self":[{"href":"https:\/\/profemmina.pl\/uk\/wp-json\/wp\/v2\/pages\/13","targetHints":{"allow":["GET"]}}],"collection":[{"href":"https:\/\/profemmina.pl\/uk\/wp-json\/wp\/v2\/pages"}],"about":[{"href":"https:\/\/profemmina.pl\/uk\/wp-json\/wp\/v2\/types\/page"}],"author":[{"embeddable":true,"href":"https:\/\/profemmina.pl\/uk\/wp-json\/wp\/v2\/users\/1"}],"replies":[{"embeddable":true,"href":"https:\/\/profemmina.pl\/uk\/wp-json\/wp\/v2\/comments?post=13"}],"version-history":[{"count":295,"href":"https:\/\/profemmina.pl\/uk\/wp-json\/wp\/v2\/pages\/13\/revisions"}],"predecessor-version":[{"id":1687,"href":"https:\/\/profemmina.pl\/uk\/wp-json\/wp\/v2\/pages\/13\/revisions\/1687"}],"wp:attachment":[{"href":"https:\/\/profemmina.pl\/uk\/wp-json\/wp\/v2\/media?parent=13"}],"curies":[{"name":"wp","href":"https:\/\/api.w.org\/{rel}","templated":true}]}}