{"id":553,"date":"2025-02-06T10:46:13","date_gmt":"2025-02-06T10:46:13","guid":{"rendered":"https:\/\/okw.klaudiapyciarz.com.pl\/?page_id=553"},"modified":"2025-12-04T10:12:10","modified_gmt":"2025-12-04T10:12:10","slug":"test-sanco","status":"publish","type":"page","link":"https:\/\/profemmina.pl\/uk\/test-sanco\/","title":{"rendered":"\u0422\u0435\u0441\u0442 SANCO"},"content":{"rendered":"\t\t<div data-elementor-type=\"wp-page\" data-elementor-id=\"553\" class=\"elementor elementor-553\" data-elementor-post-type=\"page\">\n\t\t\t\t<div class=\"elementor-element elementor-element-894693c e-con-full e-flex e-con e-parent\" data-id=\"894693c\" data-element_type=\"container\" data-e-type=\"container\" data-settings=\"{&quot;background_background&quot;:&quot;classic&quot;}\">\n\t\t\t\t<div class=\"elementor-element elementor-element-9ec8b7d elementor-widget elementor-widget-heading\" data-id=\"9ec8b7d\" data-element_type=\"widget\" data-e-type=\"widget\" data-widget_type=\"heading.default\">\n\t\t\t\t<div class=\"elementor-widget-container\">\n\t\t\t\t\t<h1 class=\"elementor-heading-title elementor-size-default\">Test SANCO \u2013 Kalisz - nowoczesne, nieinwazyjne badanie prenatalne<\/h1>\t\t\t\t<\/div>\n\t\t\t\t<\/div>\n\t\t\t\t<div class=\"elementor-element elementor-element-0153c53 elementor-widget elementor-widget-text-editor\" data-id=\"0153c53\" data-element_type=\"widget\" data-e-type=\"widget\" data-widget_type=\"text-editor.default\">\n\t\t\t\t<div class=\"elementor-widget-container\">\n\t\t\t\t\t\t\t\t\t<p>Test SANCO to genetyczne, nieinwazyjne badanie prenatalne nowej generacji, oceniaj\u0105ce ryzyko wyst\u0105pienia u p\u0142odu <strong data-start=\"181\" data-end=\"217\">trisomii chromosom\u00f3w 21, 18 i 13<\/strong> (zespo\u0142y Downa, Edwardsa i Patau), <strong data-start=\"253\" data-end=\"285\">aneuploidii chromosom\u00f3w p\u0142ci<\/strong> oraz innych wad wrodzonych wynikaj\u0105cych z nieprawid\u0142owo\u015bci chromosomowych. Badanie opiera si\u0119 na analizie <strong data-start=\"392\" data-end=\"434\">pozakom\u00f3rkowego DNA p\u0142odowego (cffDNA)<\/strong> obecnego we krwi matki, co pozwala na wczesne wykrycie potencjalnych zaburze\u0144 genetycznych.<\/p>\t\t\t\t\t\t\t\t<\/div>\n\t\t\t\t<\/div>\n\t\t\t\t<\/div>\n\t\t<div class=\"elementor-element elementor-element-52ca814 e-con-full e-flex e-con e-parent\" data-id=\"52ca814\" data-element_type=\"container\" data-e-type=\"container\">\n\t\t<div class=\"elementor-element elementor-element-0826a8c e-con-full e-flex e-con e-child\" data-id=\"0826a8c\" data-element_type=\"container\" data-e-type=\"container\">\n\t\t\t\t<div class=\"elementor-element elementor-element-e9fd898 elementor-widget elementor-widget-heading\" data-id=\"e9fd898\" data-element_type=\"widget\" data-e-type=\"widget\" data-widget_type=\"heading.default\">\n\t\t\t\t<div class=\"elementor-widget-container\">\n\t\t\t\t\t<h2 class=\"elementor-heading-title elementor-size-default\">Kiedy nale\u017cy <span style=\"color:#E51A86\">wykona\u0107<\/span> test SANCO?<\/h2>\t\t\t\t<\/div>\n\t\t\t\t<\/div>\n\t\t\t\t<div class=\"elementor-element elementor-element-d396d36 elementor-widget elementor-widget-text-editor\" data-id=\"d396d36\" data-element_type=\"widget\" data-e-type=\"widget\" data-widget_type=\"text-editor.default\">\n\t\t\t\t<div class=\"elementor-widget-container\">\n\t\t\t\t\t\t\t\t\t<p>Test SANCO zaleca si\u0119 przeprowadzi\u0107 <strong data-start=\"603\" data-end=\"639\">mi\u0119dzy 10. a 24. tygodniem ci\u0105\u017cy<\/strong>. Wykonanie badania w tym okresie umo\u017cliwia szybkie i precyzyjne wykrycie ewentualnych nieprawid\u0142owo\u015bci genetycznych.<\/p>\t\t\t\t\t\t\t\t<\/div>\n\t\t\t\t<\/div>\n\t\t\t\t<\/div>\n\t\t\t\t<div class=\"elementor-element elementor-element-3e97c13 elementor-widget elementor-widget-heading\" data-id=\"3e97c13\" data-element_type=\"widget\" data-e-type=\"widget\" data-widget_type=\"heading.default\">\n\t\t\t\t<div class=\"elementor-widget-container\">\n\t\t\t\t\t<h2 class=\"elementor-heading-title elementor-size-default\">Jak <span style=\"color:#E51A86\">przebiega<\/span> badanie?<\/h2>\t\t\t\t<\/div>\n\t\t\t\t<\/div>\n\t\t\t\t<div class=\"elementor-element elementor-element-d0ba145 elementor-widget elementor-widget-text-editor\" data-id=\"d0ba145\" data-element_type=\"widget\" data-e-type=\"widget\" data-widget_type=\"text-editor.default\">\n\t\t\t\t<div class=\"elementor-widget-container\">\n\t\t\t\t\t\t\t\t\t<p>Badanie jest proste, szybkie i ca\u0142kowicie bezpieczne. Polega na <strong data-start=\"858\" data-end=\"901\">pobraniu niewielkiej pr\u00f3bki krwi \u017cylnej<\/strong> od przysz\u0142ej mamy. Nast\u0119pnie analizowane jest zawarte w niej <strong data-start=\"963\" data-end=\"973\">cffDNA<\/strong> pod k\u0105tem nieprawid\u0142owo\u015bci chromosomowych. Dzi\u0119ki temu test nie wi\u0105\u017ce si\u0119 z \u017cadnym ryzykiem dla matki i dziecka.<\/p>\t\t\t\t\t\t\t\t<\/div>\n\t\t\t\t<\/div>\n\t\t\t\t<\/div>\n\t\t<div class=\"elementor-element elementor-element-8301c61 e-con-full e-flex e-con e-parent\" data-id=\"8301c61\" data-element_type=\"container\" data-e-type=\"container\" data-settings=\"{&quot;background_background&quot;:&quot;classic&quot;}\">\n\t\t\t\t<div class=\"elementor-element elementor-element-1f23643 elementor-widget elementor-widget-heading\" data-id=\"1f23643\" data-element_type=\"widget\" data-e-type=\"widget\" data-widget_type=\"heading.default\">\n\t\t\t\t<div class=\"elementor-widget-container\">\n\t\t\t\t\t<h2 class=\"elementor-heading-title elementor-size-default\">Zalety <span style=\"color:#E51A86\">testu<\/span> SANCO<\/h2>\t\t\t\t<\/div>\n\t\t\t\t<\/div>\n\t\t<div class=\"elementor-element elementor-element-d910a68 e-con-full e-flex e-con e-child\" data-id=\"d910a68\" data-element_type=\"container\" data-e-type=\"container\">\n\t\t<div class=\"elementor-element elementor-element-4d9a310 e-grid e-con-full e-con e-child\" data-id=\"4d9a310\" data-element_type=\"container\" data-e-type=\"container\">\n\t\t<div class=\"elementor-element elementor-element-c932802 e-con-full e-flex e-con e-child\" data-id=\"c932802\" data-element_type=\"container\" data-e-type=\"container\" data-settings=\"{&quot;background_background&quot;:&quot;classic&quot;}\">\n\t\t\t\t<div class=\"elementor-element elementor-element-4dc0536 elementor-widget elementor-widget-heading\" data-id=\"4dc0536\" data-element_type=\"widget\" data-e-type=\"widget\" data-widget_type=\"heading.default\">\n\t\t\t\t<div class=\"elementor-widget-container\">\n\t\t\t\t\t<h3 class=\"elementor-heading-title elementor-size-default\">Ca\u0142ogenomowa analiza<\/h3>\t\t\t\t<\/div>\n\t\t\t\t<\/div>\n\t\t\t\t<\/div>\n\t\t<div class=\"elementor-element elementor-element-231ba7f e-con-full e-flex e-con e-child\" data-id=\"231ba7f\" data-element_type=\"container\" data-e-type=\"container\" data-settings=\"{&quot;background_background&quot;:&quot;classic&quot;}\">\n\t\t\t\t<div class=\"elementor-element elementor-element-e33856b elementor-widget elementor-widget-heading\" data-id=\"e33856b\" data-element_type=\"widget\" data-e-type=\"widget\" data-widget_type=\"heading.default\">\n\t\t\t\t<div class=\"elementor-widget-container\">\n\t\t\t\t\t<h3 class=\"elementor-heading-title elementor-size-default\">Szybko\u015b\u0107<\/h3>\t\t\t\t<\/div>\n\t\t\t\t<\/div>\n\t\t\t\t<\/div>\n\t\t<div class=\"elementor-element elementor-element-6c6e027 e-con-full e-flex e-con e-child\" data-id=\"6c6e027\" data-element_type=\"container\" data-e-type=\"container\" data-settings=\"{&quot;background_background&quot;:&quot;classic&quot;}\">\n\t\t\t\t<div class=\"elementor-element elementor-element-47b5103 elementor-widget elementor-widget-heading\" data-id=\"47b5103\" data-element_type=\"widget\" data-e-type=\"widget\" data-widget_type=\"heading.default\">\n\t\t\t\t<div class=\"elementor-widget-container\">\n\t\t\t\t\t<h3 class=\"elementor-heading-title elementor-size-default\">Dok\u0142adno\u015b\u0107<\/h3>\t\t\t\t<\/div>\n\t\t\t\t<\/div>\n\t\t\t\t<\/div>\n\t\t<div class=\"elementor-element elementor-element-9a59f1e e-con-full e-flex e-con e-child\" data-id=\"9a59f1e\" data-element_type=\"container\" data-e-type=\"container\" data-settings=\"{&quot;background_background&quot;:&quot;classic&quot;}\">\n\t\t\t\t<div class=\"elementor-element elementor-element-673fb60 elementor-widget elementor-widget-heading\" data-id=\"673fb60\" data-element_type=\"widget\" data-e-type=\"widget\" data-widget_type=\"heading.default\">\n\t\t\t\t<div class=\"elementor-widget-container\">\n\t\t\t\t\t<h3 class=\"elementor-heading-title elementor-size-default\">Niskie ryzyko niepowodzenia<\/h3>\t\t\t\t<\/div>\n\t\t\t\t<\/div>\n\t\t\t\t<\/div>\n\t\t<div class=\"elementor-element elementor-element-c4073db e-con-full e-flex e-con e-child\" data-id=\"c4073db\" data-element_type=\"container\" data-e-type=\"container\" data-settings=\"{&quot;background_background&quot;:&quot;classic&quot;}\">\n\t\t\t\t<div class=\"elementor-element elementor-element-912ba80 elementor-widget elementor-widget-heading\" data-id=\"912ba80\" data-element_type=\"widget\" data-e-type=\"widget\" data-widget_type=\"heading.default\">\n\t\t\t\t<div class=\"elementor-widget-container\">\n\t\t\t\t\t<h3 class=\"elementor-heading-title elementor-size-default\">Certyfikacja<\/h3>\t\t\t\t<\/div>\n\t\t\t\t<\/div>\n\t\t\t\t<\/div>\n\t\t\t\t<\/div>\n\t\t\t\t<div class=\"elementor-element elementor-element-3a12419 elementor-widget elementor-widget-heading\" data-id=\"3a12419\" data-element_type=\"widget\" data-e-type=\"widget\" data-widget_type=\"heading.default\">\n\t\t\t\t<div class=\"elementor-widget-container\">\n\t\t\t\t\t<h2 class=\"elementor-heading-title elementor-size-default\">Wskazania do <span style=\"color:#E51A86\">wykonania<\/span> testu SANCO<\/h2>\t\t\t\t<\/div>\n\t\t\t\t<\/div>\n\t\t<div class=\"elementor-element elementor-element-254561c e-grid e-con-full e-con e-child\" data-id=\"254561c\" data-element_type=\"container\" data-e-type=\"container\">\n\t\t<div class=\"elementor-element elementor-element-74da562 e-con-full e-flex e-con e-child\" data-id=\"74da562\" data-element_type=\"container\" data-e-type=\"container\" data-settings=\"{&quot;background_background&quot;:&quot;classic&quot;}\">\n\t\t\t\t<div class=\"elementor-element elementor-element-9e62299 elementor-widget elementor-widget-heading\" data-id=\"9e62299\" data-element_type=\"widget\" data-e-type=\"widget\" data-widget_type=\"heading.default\">\n\t\t\t\t<div class=\"elementor-widget-container\">\n\t\t\t\t\t<h3 class=\"elementor-heading-title elementor-size-default\">Ci\u0105\u017ca w p\u00f3\u017aniejszym wieku matki<\/h3>\t\t\t\t<\/div>\n\t\t\t\t<\/div>\n\t\t\t\t<\/div>\n\t\t<div class=\"elementor-element elementor-element-342507b e-con-full e-flex e-con e-child\" data-id=\"342507b\" data-element_type=\"container\" data-e-type=\"container\" data-settings=\"{&quot;background_background&quot;:&quot;classic&quot;}\">\n\t\t\t\t<div class=\"elementor-element elementor-element-31a9a33 elementor-widget elementor-widget-heading\" data-id=\"31a9a33\" data-element_type=\"widget\" data-e-type=\"widget\" data-widget_type=\"heading.default\">\n\t\t\t\t<div class=\"elementor-widget-container\">\n\t\t\t\t\t<h3 class=\"elementor-heading-title elementor-size-default\">Niepok\u00f3j o zdrowie dziecka<\/h3>\t\t\t\t<\/div>\n\t\t\t\t<\/div>\n\t\t\t\t<\/div>\n\t\t<div class=\"elementor-element elementor-element-afef575 e-con-full e-flex e-con e-child\" data-id=\"afef575\" data-element_type=\"container\" data-e-type=\"container\" data-settings=\"{&quot;background_background&quot;:&quot;classic&quot;}\">\n\t\t\t\t<div class=\"elementor-element elementor-element-be8aa24 elementor-widget elementor-widget-heading\" data-id=\"be8aa24\" data-element_type=\"widget\" data-e-type=\"widget\" data-widget_type=\"heading.default\">\n\t\t\t\t<div class=\"elementor-widget-container\">\n\t\t\t\t\t<h3 class=\"elementor-heading-title elementor-size-default\">Nieprawid\u0142owe wyniki bada\u0144 biochemicznych lub USG w obecnej ci\u0105\u017cy<\/h3>\t\t\t\t<\/div>\n\t\t\t\t<\/div>\n\t\t\t\t<\/div>\n\t\t<div class=\"elementor-element elementor-element-ee14a3f e-con-full e-flex e-con e-child\" data-id=\"ee14a3f\" data-element_type=\"container\" data-e-type=\"container\" data-settings=\"{&quot;background_background&quot;:&quot;classic&quot;}\">\n\t\t\t\t<div class=\"elementor-element elementor-element-598f481 elementor-widget elementor-widget-heading\" data-id=\"598f481\" data-element_type=\"widget\" data-e-type=\"widget\" data-widget_type=\"heading.default\">\n\t\t\t\t<div class=\"elementor-widget-container\">\n\t\t\t\t\t<h3 class=\"elementor-heading-title elementor-size-default\">Historia zaburze\u0144 chromosomowych u p\u0142odu w poprzednich ci\u0105\u017cach<\/h3>\t\t\t\t<\/div>\n\t\t\t\t<\/div>\n\t\t\t\t<\/div>\n\t\t<div class=\"elementor-element elementor-element-15e6eb4 e-con-full e-flex e-con e-child\" data-id=\"15e6eb4\" data-element_type=\"container\" data-e-type=\"container\" data-settings=\"{&quot;background_background&quot;:&quot;classic&quot;}\">\n\t\t\t\t<div class=\"elementor-element elementor-element-f2dc7b7 elementor-widget elementor-widget-heading\" data-id=\"f2dc7b7\" data-element_type=\"widget\" data-e-type=\"widget\" data-widget_type=\"heading.default\">\n\t\t\t\t<div class=\"elementor-widget-container\">\n\t\t\t\t\t<h3 class=\"elementor-heading-title elementor-size-default\">Przeciwwskazania medyczne do wykonania inwazyjnych bada\u0144 prenatalnych<\/h3>\t\t\t\t<\/div>\n\t\t\t\t<\/div>\n\t\t\t\t<\/div>\n\t\t\t\t<\/div>\n\t\t\t\t<div class=\"elementor-element elementor-element-815f5c6 elementor-align-center elementor-widget elementor-widget-button\" data-id=\"815f5c6\" data-element_type=\"widget\" data-e-type=\"widget\" data-widget_type=\"button.default\">\n\t\t\t\t<div class=\"elementor-widget-container\">\n\t\t\t\t\t\t\t\t\t<div class=\"elementor-button-wrapper\">\n\t\t\t\t\t<a class=\"elementor-button elementor-button-link elementor-size-sm\" href=\"http:\/\/profemmina.pl\/cennik\/\">\n\t\t\t\t\t\t<span class=\"elementor-button-content-wrapper\">\n\t\t\t\t\t\t\t\t\t<span class=\"elementor-button-text\">Zobacz cennik<\/span>\n\t\t\t\t\t<\/span>\n\t\t\t\t\t<\/a>\n\t\t\t\t<\/div>\n\t\t\t\t\t\t\t\t<\/div>\n\t\t\t\t<\/div>\n\t\t\t\t<\/div>\n\t\t\t\t<\/div>\n\t\t<div class=\"elementor-element elementor-element-67a3b74 e-con-full e-flex e-con e-parent\" data-id=\"67a3b74\" data-element_type=\"container\" data-e-type=\"container\">\n\t\t\t\t<div class=\"elementor-element elementor-element-4eede54 elementor-widget elementor-widget-heading\" data-id=\"4eede54\" data-element_type=\"widget\" data-e-type=\"widget\" data-widget_type=\"heading.default\">\n\t\t\t\t<div class=\"elementor-widget-container\">\n\t\t\t\t\t<h2 class=\"elementor-heading-title elementor-size-default\">Por\u00f3wnanie z <span style=\"color:#E51A86\">innymi<\/span> badaniami prenatalnymi<\/h2>\t\t\t\t<\/div>\n\t\t\t\t<\/div>\n\t\t\t\t<div class=\"elementor-element elementor-element-13b9bb4 elementor-widget elementor-widget-text-editor\" data-id=\"13b9bb4\" data-element_type=\"widget\" data-e-type=\"widget\" data-widget_type=\"text-editor.default\">\n\t\t\t\t<div class=\"elementor-widget-container\">\n\t\t\t\t\t\t\t\t\t<p>W por\u00f3wnaniu z tradycyjnymi badaniami przesiewowymi, takimi jak <strong data-start=\"1883\" data-end=\"1890\">USG<\/strong> czy <strong data-start=\"1895\" data-end=\"1910\">test PAPP-A<\/strong>, test SANCO wyr\u00f3\u017cnia si\u0119 <strong data-start=\"1936\" data-end=\"1971\">wy\u017csz\u0105 czu\u0142o\u015bci\u0105 i dok\u0142adno\u015bci\u0105<\/strong>. W przeciwie\u0144stwie do metod inwazyjnych, takich jak <strong data-start=\"2024\" data-end=\"2040\">amniopunkcja<\/strong> czy <strong data-start=\"2045\" data-end=\"2065\">biopsja kosm\u00f3wki<\/strong>, nie niesie ryzyka powik\u0142a\u0144, w tym poronienia.<\/p>\t\t\t\t\t\t\t\t<\/div>\n\t\t\t\t<\/div>\n\t\t\t\t<div class=\"elementor-element elementor-element-5649105 elementor-widget elementor-widget-heading\" data-id=\"5649105\" data-element_type=\"widget\" data-e-type=\"widget\" data-widget_type=\"heading.default\">\n\t\t\t\t<div class=\"elementor-widget-container\">\n\t\t\t\t\t<h2 class=\"elementor-heading-title elementor-size-default\">Bezpiecze\u0144stwo i <span style=\"color:#E51A86\">wsparcie<\/span><\/h2>\t\t\t\t<\/div>\n\t\t\t\t<\/div>\n\t\t\t\t<div class=\"elementor-element elementor-element-1934b11 elementor-widget elementor-widget-text-editor\" data-id=\"1934b11\" data-element_type=\"widget\" data-e-type=\"widget\" data-widget_type=\"text-editor.default\">\n\t\t\t\t<div class=\"elementor-widget-container\">\n\t\t\t\t\t\t\t\t\t<p data-start=\"2153\" data-end=\"2530\">W przypadku uzyskania <strong data-start=\"2175\" data-end=\"2201\">nieprawid\u0142owego wyniku<\/strong>, sugeruj\u0105cego wysokie prawdopodobie\u0144stwo trisomii u p\u0142odu, istnieje mo\u017cliwo\u015b\u0107 <strong data-start=\"2280\" data-end=\"2333\">pokrycia koszt\u00f3w inwazyjnego badania prenatalnego<\/strong>, takiego jak <strong data-start=\"2347\" data-end=\"2384\">amniopunkcja czy biopsja kosm\u00f3wki<\/strong>, w celu potwierdzenia diagnozy. Dodatkowo pacjentkom oferowane jest <strong data-start=\"2453\" data-end=\"2527\">poradnictwo genetyczne oraz wsparcie w dalszym procesie diagnostycznym<\/strong>.<\/p><p data-start=\"2532\" data-end=\"2682\" data-is-last-node=\"\" data-is-only-node=\"\">Test SANCO to nowoczesne rozwi\u0105zanie dla kobiet, kt\u00f3re chc\u0105 uzyska\u0107 <strong data-start=\"2600\" data-end=\"2652\">pewn\u0105 i bezpieczn\u0105 ocen\u0119 zdrowia swojego dziecka<\/strong> ju\u017c na wczesnym etapie ci\u0105\u017cy.<\/p>\t\t\t\t\t\t\t\t<\/div>\n\t\t\t\t<\/div>\n\t\t\t\t<\/div>\n\t\t<div class=\"elementor-element elementor-element-21b91cd e-con-full elementor-hidden-tablet elementor-hidden-mobile e-flex e-con e-parent\" data-id=\"21b91cd\" data-element_type=\"container\" data-e-type=\"container\" data-settings=\"{&quot;position&quot;:&quot;fixed&quot;}\">\n\t\t\t\t<div class=\"elementor-element elementor-element-fb33226 elementor-widget elementor-widget-html\" data-id=\"fb33226\" data-element_type=\"widget\" data-e-type=\"widget\" data-widget_type=\"html.default\">\n\t\t\t\t<div class=\"elementor-widget-container\">\n\t\t\t\t\t<a class=\"zl-facility-url\" href=\"https:\/\/www.znanylekarz.pl\/placowki\/profemmina\" rel=\"nofollow noopener\" data-zlw-facility=\"profemmina\" data-zlw-type=\"facility-big\" data-zlw-saas-only=\"true\" data-zlw-a11y-title=\"Widget um\u00f3wienia wizyty lekarskiej\" target=\"_blank\">Profemmina<\/a><script>!function($_x,_s,id){var js,fjs=$_x.getElementsByTagName(_s)[0];if(!$_x.getElementById(id)){js = $_x.createElement(_s);js.id = id;js.src = \"\/\/platform.docplanner.com\/js\/widget.js\";fjs.parentNode.insertBefore(js,fjs);}}(document,\"script\",\"zl-widget-s\");<\/script>\t\t\t\t<\/div>\n\t\t\t\t<\/div>\n\t\t\t\t<\/div>\n\t\t<div class=\"elementor-element elementor-element-7a4b74b6 e-con-full e-flex e-con e-parent\" data-id=\"7a4b74b6\" data-element_type=\"container\" data-e-type=\"container\" data-settings=\"{&quot;background_background&quot;:&quot;classic&quot;}\">\n\t\t\t\t<div class=\"elementor-element elementor-element-7bdc0d1f elementor-widget elementor-widget-heading\" data-id=\"7bdc0d1f\" data-element_type=\"widget\" data-e-type=\"widget\" data-widget_type=\"heading.default\">\n\t\t\t\t<div class=\"elementor-widget-container\">\n\t\t\t\t\t<h2 class=\"elementor-heading-title elementor-size-default\">Zapisz si\u0119 <span style=\"color:#E51A86\">na wizyt\u0119<\/span> <\/h2>\t\t\t\t<\/div>\n\t\t\t\t<\/div>\n\t\t\t\t<div class=\"elementor-element elementor-element-613f018b elementor-widget elementor-widget-text-editor\" data-id=\"613f018b\" data-element_type=\"widget\" data-e-type=\"widget\" data-widget_type=\"text-editor.default\">\n\t\t\t\t<div class=\"elementor-widget-container\">\n\t\t\t\t\t\t\t\t\t<p><strong>Wybierz dogodny dla siebie termin i jednego z naszych lekarzy.<\/strong><\/p>\t\t\t\t\t\t\t\t<\/div>\n\t\t\t\t<\/div>\n\t\t<div class=\"elementor-element elementor-element-2212fd3c e-con-full e-flex e-con e-child\" data-id=\"2212fd3c\" data-element_type=\"container\" data-e-type=\"container\">\n\t\t<div class=\"elementor-element elementor-element-4b912dad e-grid e-con-full e-con e-child\" data-id=\"4b912dad\" data-element_type=\"container\" data-e-type=\"container\">\n\t\t\t\t<div class=\"elementor-element elementor-element-79bafc75 elementor-widget elementor-widget-html\" data-id=\"79bafc75\" data-element_type=\"widget\" data-e-type=\"widget\" data-widget_type=\"html.default\">\n\t\t\t\t<div class=\"elementor-widget-container\">\n\t\t\t\t\t<a id=\"zl-url\" class=\"zl-url\" href=\"https:\/\/www.znanylekarz.pl\/sylwester-krol\/ginekolog\/kalisz\" rel=\"nofollow noopener\" data-zlw-doctor=\"sylwester-krol\" data-zlw-type=\"big_with_calendar\" data-zlw-opinion=\"false\" data-zlw-hide-branding=\"true\" data-zlw-saas-only=\"false\" data-zlw-a11y-title=\"Widget um\u00f3wienia wizyty lekarskiej\" target=\"_blank\">Sylwester Kr\u00f3l - ZnanyLekarz.pl<\/a><script>!function($_x,_s,id){var js,fjs=$_x.getElementsByTagName(_s)[0];if(!$_x.getElementById(id)){js = $_x.createElement(_s);js.id = id;js.src = \"\/\/platform.docplanner.com\/js\/widget.js\";fjs.parentNode.insertBefore(js,fjs);}}(document,\"script\",\"zl-widget-s\");<\/script>\t\t\t\t<\/div>\n\t\t\t\t<\/div>\n\t\t\t\t<div class=\"elementor-element elementor-element-580cfca0 elementor-widget elementor-widget-html\" data-id=\"580cfca0\" data-element_type=\"widget\" data-e-type=\"widget\" data-widget_type=\"html.default\">\n\t\t\t\t<div class=\"elementor-widget-container\">\n\t\t\t\t\t<a id=\"zl-url\" class=\"zl-url\" href=\"https:\/\/www.znanylekarz.pl\/maryna-kucharava\/lekarz-bez-specjalizacji\/kalisz\" rel=\"nofollow noopener\" data-zlw-doctor=\"maryna-kucharava\" data-zlw-type=\"big_with_calendar\" data-zlw-opinion=\"false\" data-zlw-hide-branding=\"true\" data-zlw-saas-only=\"false\" data-zlw-a11y-title=\"Widget um\u00f3wienia wizyty lekarskiej\" target=\"_blank\">Maryna Kucharava - ZnanyLekarz.pl<\/a><script>!function($_x,_s,id){var js,fjs=$_x.getElementsByTagName(_s)[0];if(!$_x.getElementById(id)){js = $_x.createElement(_s);js.id = id;js.src = \"\/\/platform.docplanner.com\/js\/widget.js\";fjs.parentNode.insertBefore(js,fjs);}}(document,\"script\",\"zl-widget-s\");<\/script>\t\t\t\t<\/div>\n\t\t\t\t<\/div>\n\t\t\t\t<div class=\"elementor-element elementor-element-361f5991 elementor-widget elementor-widget-html\" data-id=\"361f5991\" data-element_type=\"widget\" data-e-type=\"widget\" data-widget_type=\"html.default\">\n\t\t\t\t<div class=\"elementor-widget-container\">\n\t\t\t\t\t<a id=\"zl-url\" class=\"zl-url\" href=\"https:\/\/www.znanylekarz.pl\/adrianna-wolniaszek\/lekarz-bez-specjalizacji\/kalisz\" rel=\"nofollow noopener\" data-zlw-doctor=\"adrianna-wolniaszek\" data-zlw-type=\"big_with_calendar\" data-zlw-opinion=\"false\" data-zlw-hide-branding=\"true\" data-zlw-saas-only=\"false\" data-zlw-a11y-title=\"Widget um\u00f3wienia wizyty lekarskiej\" target=\"_blank\">Adrianna Wolniaszek - ZnanyLekarz.pl<\/a><script>!function($_x,_s,id){var js,fjs=$_x.getElementsByTagName(_s)[0];if(!$_x.getElementById(id)){js = $_x.createElement(_s);js.id = id;js.src = \"\/\/platform.docplanner.com\/js\/widget.js\";fjs.parentNode.insertBefore(js,fjs);}}(document,\"script\",\"zl-widget-s\");<\/script>\t\t\t\t<\/div>\n\t\t\t\t<\/div>\n\t\t\t\t<\/div>\n\t\t\t\t<\/div>\n\t\t\t\t<\/div>\n\t\t\t\t<\/div>\n\t\t","protected":false},"excerpt":{"rendered":"<p>Test SANCO \u2013 Kalisz &#8211; nowoczesne, nieinwazyjne badanie prenatalne Test SANCO to genetyczne, nieinwazyjne badanie prenatalne nowej generacji, oceniaj\u0105ce ryzyko wyst\u0105pienia u p\u0142odu trisomii chromosom\u00f3w 21, 18 i 13 (zespo\u0142y Downa, Edwardsa i Patau), aneuploidii chromosom\u00f3w p\u0142ci oraz innych wad wrodzonych wynikaj\u0105cych z nieprawid\u0142owo\u015bci chromosomowych. Badanie opiera si\u0119 na analizie pozakom\u00f3rkowego DNA p\u0142odowego (cffDNA) obecnego [&hellip;]<\/p>\n","protected":false},"author":1,"featured_media":0,"parent":0,"menu_order":0,"comment_status":"closed","ping_status":"closed","template":"","meta":{"_acf_changed":false,"footnotes":""},"class_list":["post-553","page","type-page","status-publish","hentry"],"acf":[],"_links":{"self":[{"href":"https:\/\/profemmina.pl\/uk\/wp-json\/wp\/v2\/pages\/553","targetHints":{"allow":["GET"]}}],"collection":[{"href":"https:\/\/profemmina.pl\/uk\/wp-json\/wp\/v2\/pages"}],"about":[{"href":"https:\/\/profemmina.pl\/uk\/wp-json\/wp\/v2\/types\/page"}],"author":[{"embeddable":true,"href":"https:\/\/profemmina.pl\/uk\/wp-json\/wp\/v2\/users\/1"}],"replies":[{"embeddable":true,"href":"https:\/\/profemmina.pl\/uk\/wp-json\/wp\/v2\/comments?post=553"}],"version-history":[{"count":52,"href":"https:\/\/profemmina.pl\/uk\/wp-json\/wp\/v2\/pages\/553\/revisions"}],"predecessor-version":[{"id":1663,"href":"https:\/\/profemmina.pl\/uk\/wp-json\/wp\/v2\/pages\/553\/revisions\/1663"}],"wp:attachment":[{"href":"https:\/\/profemmina.pl\/uk\/wp-json\/wp\/v2\/media?parent=553"}],"curies":[{"name":"wp","href":"https:\/\/api.w.org\/{rel}","templated":true}]}}