{"id":554,"date":"2025-02-06T10:46:19","date_gmt":"2025-02-06T10:46:19","guid":{"rendered":"https:\/\/okw.klaudiapyciarz.com.pl\/?page_id=554"},"modified":"2025-12-04T10:12:31","modified_gmt":"2025-12-04T10:12:31","slug":"usg-genetyczne-kalisz","status":"publish","type":"page","link":"https:\/\/profemmina.pl\/uk\/usg-genetyczne-kalisz\/","title":{"rendered":"\u0413\u0435\u043d\u0435\u0442\u0438\u0447\u043d\u0435 \u0423\u0417\u0414"},"content":{"rendered":"\t\t<div data-elementor-type=\"wp-page\" data-elementor-id=\"554\" class=\"elementor elementor-554\" data-elementor-post-type=\"page\">\n\t\t\t\t<div class=\"elementor-element elementor-element-894693c e-con-full e-flex e-con e-parent\" data-id=\"894693c\" data-element_type=\"container\" data-e-type=\"container\" data-settings=\"{&quot;background_background&quot;:&quot;classic&quot;}\">\n\t\t\t\t<div class=\"elementor-element elementor-element-9ec8b7d elementor-widget elementor-widget-heading\" data-id=\"9ec8b7d\" data-element_type=\"widget\" data-e-type=\"widget\" data-widget_type=\"heading.default\">\n\t\t\t\t<div class=\"elementor-widget-container\">\n\t\t\t\t\t<h1 class=\"elementor-heading-title elementor-size-default\">USG genetyczne - Kalisz<\/h1>\t\t\t\t<\/div>\n\t\t\t\t<\/div>\n\t\t\t\t<div class=\"elementor-element elementor-element-0153c53 elementor-widget elementor-widget-text-editor\" data-id=\"0153c53\" data-element_type=\"widget\" data-e-type=\"widget\" data-widget_type=\"text-editor.default\">\n\t\t\t\t<div class=\"elementor-widget-container\">\n\t\t\t\t\t\t\t\t\t<p>USG genetyczne to badanie umo\u017cliwiaj\u0105ce dok\u0142adn\u0105 ocen\u0119 rozwoju p\u0142odu. Podczas tego badania lekarz analizuje budow\u0119 i funkcjonowanie kluczowych narz\u0105d\u00f3w wewn\u0119trznych, takich jak serce, m\u00f3zg, nerki czy \u017co\u0142\u0105dek.<\/p>\t\t\t\t\t\t\t\t<\/div>\n\t\t\t\t<\/div>\n\t\t\t\t<\/div>\n\t\t<div class=\"elementor-element elementor-element-52ca814 e-con-full e-flex e-con e-parent\" data-id=\"52ca814\" data-element_type=\"container\" data-e-type=\"container\">\n\t\t<div class=\"elementor-element elementor-element-0826a8c e-con-full e-flex e-con e-child\" data-id=\"0826a8c\" data-element_type=\"container\" data-e-type=\"container\">\n\t\t\t\t<div class=\"elementor-element elementor-element-e9fd898 elementor-widget elementor-widget-heading\" data-id=\"e9fd898\" data-element_type=\"widget\" data-e-type=\"widget\" data-widget_type=\"heading.default\">\n\t\t\t\t<div class=\"elementor-widget-container\">\n\t\t\t\t\t<h2 class=\"elementor-heading-title elementor-size-default\">Cel <span style=\"color:#E51A86\">USG<\/span> genetycznego<\/h2>\t\t\t\t<\/div>\n\t\t\t\t<\/div>\n\t\t\t\t<div class=\"elementor-element elementor-element-d396d36 elementor-widget elementor-widget-text-editor\" data-id=\"d396d36\" data-element_type=\"widget\" data-e-type=\"widget\" data-widget_type=\"text-editor.default\">\n\t\t\t\t<div class=\"elementor-widget-container\">\n\t\t\t\t\t\t\t\t\t<p data-start=\"210\" data-end=\"356\">Badanie ma na celu ocen\u0119 struktury cia\u0142a p\u0142odu, w tym tu\u0142owia, ko\u0144czyn i g\u0142owy. W szczeg\u00f3lno\u015bci lekarz zwraca uwag\u0119 na:<\/p><ul><li><strong data-start=\"360\" data-end=\"392\">Przezierno\u015b\u0107 fa\u0142du karkowego<\/strong>: odleg\u0142o\u015b\u0107 mi\u0119dzy sk\u00f3r\u0105 a tkank\u0105 podsk\u00f3rn\u0105 na karku p\u0142odu. Nieprawid\u0142owy wynik mo\u017ce wskazywa\u0107 na wady genetyczne.<\/li><li><strong data-start=\"509\" data-end=\"533\">Budow\u0119 ko\u015bci nosowej<\/strong>: jej nieprawid\u0142owy rozw\u00f3j mo\u017ce sugerowa\u0107 wady genetyczne, takie jak zesp\u00f3\u0142 Downa.<\/li><li><strong data-start=\"618\" data-end=\"645\">Aktywno\u015b\u0107 ruchow\u0105 p\u0142odu<\/strong>.<\/li><li><strong data-start=\"649\" data-end=\"683\">Budow\u0119 i funkcjonowanie macicy<\/strong>.<\/li><li style=\"list-style-type: none;\">\u00a0<\/li><\/ul>\t\t\t\t\t\t\t\t<\/div>\n\t\t\t\t<\/div>\n\t\t\t\t<\/div>\n\t\t\t\t<\/div>\n\t\t<div class=\"elementor-element elementor-element-8301c61 e-con-full e-flex e-con e-parent\" data-id=\"8301c61\" data-element_type=\"container\" data-e-type=\"container\" data-settings=\"{&quot;background_background&quot;:&quot;classic&quot;}\">\n\t\t\t\t<div class=\"elementor-element elementor-element-1f23643 elementor-widget elementor-widget-heading\" data-id=\"1f23643\" data-element_type=\"widget\" data-e-type=\"widget\" data-widget_type=\"heading.default\">\n\t\t\t\t<div class=\"elementor-widget-container\">\n\t\t\t\t\t<h2 class=\"elementor-heading-title elementor-size-default\">Wykrywane <span style=\"color:#E51A86\">wady<\/span> genetyczne <\/h2>\t\t\t\t<\/div>\n\t\t\t\t<\/div>\n\t\t\t\t<div class=\"elementor-element elementor-element-55c9ad3 elementor-widget elementor-widget-text-editor\" data-id=\"55c9ad3\" data-element_type=\"widget\" data-e-type=\"widget\" data-widget_type=\"text-editor.default\">\n\t\t\t\t<div class=\"elementor-widget-container\">\n\t\t\t\t\t\t\t\t\t<p>USG genetyczne ocenia ryzyko wyst\u0105pienia u dziecka wad genetycznych zwi\u0105zanych z nieprawid\u0142ow\u0105 liczb\u0105 chromosom\u00f3w. Do najcz\u0119\u015bciej diagnozowanych nale\u017c\u0105:<\/p>\t\t\t\t\t\t\t\t<\/div>\n\t\t\t\t<\/div>\n\t\t<div class=\"elementor-element elementor-element-d910a68 e-con-full e-flex e-con e-child\" data-id=\"d910a68\" data-element_type=\"container\" data-e-type=\"container\">\n\t\t<div class=\"elementor-element elementor-element-4d9a310 e-grid e-con-full e-con e-child\" data-id=\"4d9a310\" data-element_type=\"container\" data-e-type=\"container\">\n\t\t<div class=\"elementor-element elementor-element-ba22bc5 e-con-full e-flex e-con e-child\" data-id=\"ba22bc5\" data-element_type=\"container\" data-e-type=\"container\" data-settings=\"{&quot;background_background&quot;:&quot;classic&quot;}\">\n\t\t\t\t<div class=\"elementor-element elementor-element-50439d9 elementor-widget elementor-widget-heading\" data-id=\"50439d9\" data-element_type=\"widget\" data-e-type=\"widget\" data-widget_type=\"heading.default\">\n\t\t\t\t<div class=\"elementor-widget-container\">\n\t\t\t\t\t<h3 class=\"elementor-heading-title elementor-size-default\">Zesp\u00f3\u0142 Downa (trisomia chromosomu 21)<\/h3>\t\t\t\t<\/div>\n\t\t\t\t<\/div>\n\t\t\t\t<\/div>\n\t\t<div class=\"elementor-element elementor-element-c932802 e-con-full e-flex e-con e-child\" data-id=\"c932802\" data-element_type=\"container\" data-e-type=\"container\" data-settings=\"{&quot;background_background&quot;:&quot;classic&quot;}\">\n\t\t\t\t<div class=\"elementor-element elementor-element-4dc0536 elementor-widget elementor-widget-heading\" data-id=\"4dc0536\" data-element_type=\"widget\" data-e-type=\"widget\" data-widget_type=\"heading.default\">\n\t\t\t\t<div class=\"elementor-widget-container\">\n\t\t\t\t\t<h3 class=\"elementor-heading-title elementor-size-default\">Zesp\u00f3\u0142 Edwardsa (trisomia chromosomu 18)<\/h3>\t\t\t\t<\/div>\n\t\t\t\t<\/div>\n\t\t\t\t<\/div>\n\t\t<div class=\"elementor-element elementor-element-231ba7f e-con-full e-flex e-con e-child\" data-id=\"231ba7f\" data-element_type=\"container\" data-e-type=\"container\" data-settings=\"{&quot;background_background&quot;:&quot;classic&quot;}\">\n\t\t\t\t<div class=\"elementor-element elementor-element-e33856b elementor-widget elementor-widget-heading\" data-id=\"e33856b\" data-element_type=\"widget\" data-e-type=\"widget\" data-widget_type=\"heading.default\">\n\t\t\t\t<div class=\"elementor-widget-container\">\n\t\t\t\t\t<h3 class=\"elementor-heading-title elementor-size-default\">Zesp\u00f3\u0142 Patau (trisomia chromosomu 13)<\/h3>\t\t\t\t<\/div>\n\t\t\t\t<\/div>\n\t\t\t\t<\/div>\n\t\t\t\t<\/div>\n\t\t\t\t<div class=\"elementor-element elementor-element-815f5c6 elementor-align-center elementor-widget elementor-widget-button\" data-id=\"815f5c6\" data-element_type=\"widget\" data-e-type=\"widget\" data-widget_type=\"button.default\">\n\t\t\t\t<div class=\"elementor-widget-container\">\n\t\t\t\t\t\t\t\t\t<div class=\"elementor-button-wrapper\">\n\t\t\t\t\t<a class=\"elementor-button elementor-button-link elementor-size-sm\" href=\"http:\/\/profemmina.pl\/cennik\/\">\n\t\t\t\t\t\t<span class=\"elementor-button-content-wrapper\">\n\t\t\t\t\t\t\t\t\t<span class=\"elementor-button-text\">Zobacz cennik<\/span>\n\t\t\t\t\t<\/span>\n\t\t\t\t\t<\/a>\n\t\t\t\t<\/div>\n\t\t\t\t\t\t\t\t<\/div>\n\t\t\t\t<\/div>\n\t\t\t\t<\/div>\n\t\t\t\t<\/div>\n\t\t<div class=\"elementor-element elementor-element-67a3b74 e-con-full e-flex e-con e-parent\" data-id=\"67a3b74\" data-element_type=\"container\" data-e-type=\"container\">\n\t\t\t\t<div class=\"elementor-element elementor-element-4eede54 elementor-widget elementor-widget-heading\" data-id=\"4eede54\" data-element_type=\"widget\" data-e-type=\"widget\" data-widget_type=\"heading.default\">\n\t\t\t\t<div class=\"elementor-widget-container\">\n\t\t\t\t\t<h2 class=\"elementor-heading-title elementor-size-default\">Interpretacja <span style=\"color:#E51A86\">wynik\u00f3w<\/span><\/h2>\t\t\t\t<\/div>\n\t\t\t\t<\/div>\n\t\t\t\t<div class=\"elementor-element elementor-element-13b9bb4 elementor-widget elementor-widget-text-editor\" data-id=\"13b9bb4\" data-element_type=\"widget\" data-e-type=\"widget\" data-widget_type=\"text-editor.default\">\n\t\t\t\t<div class=\"elementor-widget-container\">\n\t\t\t\t\t\t\t\t\t<p>Nale\u017cy pami\u0119ta\u0107, \u017ce USG genetyczne jest badaniem przesiewowym, a wynik wskazuj\u0105cy na podwy\u017cszone ryzyko nie stanowi ostatecznej diagnozy. W przypadku nieprawid\u0142owych wynik\u00f3w zaleca si\u0119 przeprowadzenie dalszych bada\u0144, takich jak test SANCO lub procedury inwazyjne, w celu potwierdzenia lub wykluczenia wad genetycznych.<\/p>\t\t\t\t\t\t\t\t<\/div>\n\t\t\t\t<\/div>\n\t\t\t\t<div class=\"elementor-element elementor-element-a057615 elementor-widget elementor-widget-heading\" data-id=\"a057615\" data-element_type=\"widget\" data-e-type=\"widget\" data-widget_type=\"heading.default\">\n\t\t\t\t<div class=\"elementor-widget-container\">\n\t\t\t\t\t<h2 class=\"elementor-heading-title elementor-size-default\">Przebieg <span style=\"color:#E51A86\">badania<\/span><\/h2>\t\t\t\t<\/div>\n\t\t\t\t<\/div>\n\t\t\t\t<div class=\"elementor-element elementor-element-bd338a9 elementor-widget elementor-widget-text-editor\" data-id=\"bd338a9\" data-element_type=\"widget\" data-e-type=\"widget\" data-widget_type=\"text-editor.default\">\n\t\t\t\t<div class=\"elementor-widget-container\">\n\t\t\t\t\t\t\t\t\t<p>USG genetyczne jest nieinwazyjn\u0105 i bezpieczn\u0105 procedur\u0105 dla matki i dziecka. Pacjentka le\u017cy na stole, a lekarz analizuje obraz jamy brzusznej za pomoc\u0105 ultrad\u017awi\u0119k\u00f3w, kt\u00f3ry wy\u015bwietlany jest na monitorze w tr\u00f3jwymiarze. Badanie jest bezbolesne i nie wi\u0105\u017ce si\u0119 z \u017cadnym ryzykiem.<\/p>\t\t\t\t\t\t\t\t<\/div>\n\t\t\t\t<\/div>\n\t\t\t\t<div class=\"elementor-element elementor-element-dadb2f4 elementor-widget elementor-widget-heading\" data-id=\"dadb2f4\" data-element_type=\"widget\" data-e-type=\"widget\" data-widget_type=\"heading.default\">\n\t\t\t\t<div class=\"elementor-widget-container\">\n\t\t\t\t\t<h2 class=\"elementor-heading-title elementor-size-default\">Optymalny <span style=\"color:#E51A86\">termin<\/span> badania<\/h2>\t\t\t\t<\/div>\n\t\t\t\t<\/div>\n\t\t\t\t<div class=\"elementor-element elementor-element-02c9f1f elementor-widget elementor-widget-text-editor\" data-id=\"02c9f1f\" data-element_type=\"widget\" data-e-type=\"widget\" data-widget_type=\"text-editor.default\">\n\t\t\t\t<div class=\"elementor-widget-container\">\n\t\t\t\t\t\t\t\t\t<p>USG genetyczne najlepiej przeprowadzi\u0107 mi\u0119dzy 11. a 14. tygodniem ci\u0105\u017cy, gdy d\u0142ugo\u015b\u0107 ciemieniowo-siedzeniowa p\u0142odu wynosi od 45 mm do 84 mm. Dok\u0142adny termin powinien by\u0107 ustalony z lekarzem prowadz\u0105cym.<\/p>\t\t\t\t\t\t\t\t<\/div>\n\t\t\t\t<\/div>\n\t\t\t\t<div class=\"elementor-element elementor-element-7570537 elementor-widget elementor-widget-heading\" data-id=\"7570537\" data-element_type=\"widget\" data-e-type=\"widget\" data-widget_type=\"heading.default\">\n\t\t\t\t<div class=\"elementor-widget-container\">\n\t\t\t\t\t<h2 class=\"elementor-heading-title elementor-size-default\">Przygotowanie <span style=\"color:#E51A86\">do<\/span> badania<\/h2>\t\t\t\t<\/div>\n\t\t\t\t<\/div>\n\t\t\t\t<div class=\"elementor-element elementor-element-73c6666 elementor-widget elementor-widget-text-editor\" data-id=\"73c6666\" data-element_type=\"widget\" data-e-type=\"widget\" data-widget_type=\"text-editor.default\">\n\t\t\t\t<div class=\"elementor-widget-container\">\n\t\t\t\t\t\t\t\t\t<p>Badanie nie wymaga specjalnego przygotowania ze strony pacjentki. Warto jednak wiedzie\u0107, \u017ce USG genetyczne jest bardziej szczeg\u00f3\u0142owe ni\u017c standardowe USG kontrolne, dlatego mo\u017ce trwa\u0107 nieco d\u0142u\u017cej.<\/p>\t\t\t\t\t\t\t\t<\/div>\n\t\t\t\t<\/div>\n\t\t\t\t<\/div>\n\t\t<div class=\"elementor-element elementor-element-f7dd608 e-con-full elementor-hidden-tablet elementor-hidden-mobile e-flex e-con e-parent\" data-id=\"f7dd608\" data-element_type=\"container\" data-e-type=\"container\" data-settings=\"{&quot;position&quot;:&quot;fixed&quot;}\">\n\t\t\t\t<div class=\"elementor-element elementor-element-f7e6f01 elementor-widget elementor-widget-html\" data-id=\"f7e6f01\" data-element_type=\"widget\" data-e-type=\"widget\" data-widget_type=\"html.default\">\n\t\t\t\t<div class=\"elementor-widget-container\">\n\t\t\t\t\t<a class=\"zl-facility-url\" href=\"https:\/\/www.znanylekarz.pl\/placowki\/profemmina\" rel=\"nofollow noopener\" data-zlw-facility=\"profemmina\" data-zlw-type=\"facility-big\" data-zlw-saas-only=\"true\" data-zlw-a11y-title=\"Widget um\u00f3wienia wizyty lekarskiej\" target=\"_blank\">Profemmina<\/a><script>!function($_x,_s,id){var js,fjs=$_x.getElementsByTagName(_s)[0];if(!$_x.getElementById(id)){js = $_x.createElement(_s);js.id = id;js.src = \"\/\/platform.docplanner.com\/js\/widget.js\";fjs.parentNode.insertBefore(js,fjs);}}(document,\"script\",\"zl-widget-s\");<\/script>\t\t\t\t<\/div>\n\t\t\t\t<\/div>\n\t\t\t\t<\/div>\n\t\t<div class=\"elementor-element elementor-element-361c0215 e-con-full e-flex e-con e-parent\" data-id=\"361c0215\" data-element_type=\"container\" data-e-type=\"container\" data-settings=\"{&quot;background_background&quot;:&quot;classic&quot;}\">\n\t\t\t\t<div class=\"elementor-element elementor-element-392ddeae elementor-widget elementor-widget-heading\" data-id=\"392ddeae\" data-element_type=\"widget\" data-e-type=\"widget\" data-widget_type=\"heading.default\">\n\t\t\t\t<div class=\"elementor-widget-container\">\n\t\t\t\t\t<h2 class=\"elementor-heading-title elementor-size-default\">Zapisz si\u0119 <span style=\"color:#E51A86\">na wizyt\u0119<\/span> <\/h2>\t\t\t\t<\/div>\n\t\t\t\t<\/div>\n\t\t\t\t<div class=\"elementor-element elementor-element-75159625 elementor-widget elementor-widget-text-editor\" data-id=\"75159625\" data-element_type=\"widget\" data-e-type=\"widget\" data-widget_type=\"text-editor.default\">\n\t\t\t\t<div class=\"elementor-widget-container\">\n\t\t\t\t\t\t\t\t\t<p><strong>Wybierz dogodny dla siebie termin i jednego z naszych lekarzy.<\/strong><\/p>\t\t\t\t\t\t\t\t<\/div>\n\t\t\t\t<\/div>\n\t\t<div class=\"elementor-element elementor-element-4282d25b e-con-full e-flex e-con e-child\" data-id=\"4282d25b\" data-element_type=\"container\" data-e-type=\"container\">\n\t\t<div class=\"elementor-element elementor-element-225d40b e-grid e-con-full e-con e-child\" data-id=\"225d40b\" data-element_type=\"container\" data-e-type=\"container\">\n\t\t\t\t<div class=\"elementor-element elementor-element-5393e692 elementor-widget elementor-widget-html\" data-id=\"5393e692\" data-element_type=\"widget\" data-e-type=\"widget\" data-widget_type=\"html.default\">\n\t\t\t\t<div class=\"elementor-widget-container\">\n\t\t\t\t\t<a id=\"zl-url\" class=\"zl-url\" href=\"https:\/\/www.znanylekarz.pl\/sylwester-krol\/ginekolog\/kalisz\" rel=\"nofollow noopener\" data-zlw-doctor=\"sylwester-krol\" data-zlw-type=\"big_with_calendar\" data-zlw-opinion=\"false\" data-zlw-hide-branding=\"true\" data-zlw-saas-only=\"false\" data-zlw-a11y-title=\"Widget um\u00f3wienia wizyty lekarskiej\" target=\"_blank\">Sylwester Kr\u00f3l - ZnanyLekarz.pl<\/a><script>!function($_x,_s,id){var js,fjs=$_x.getElementsByTagName(_s)[0];if(!$_x.getElementById(id)){js = $_x.createElement(_s);js.id = id;js.src = \"\/\/platform.docplanner.com\/js\/widget.js\";fjs.parentNode.insertBefore(js,fjs);}}(document,\"script\",\"zl-widget-s\");<\/script>\t\t\t\t<\/div>\n\t\t\t\t<\/div>\n\t\t\t\t<div class=\"elementor-element elementor-element-5843c2fb elementor-widget elementor-widget-html\" data-id=\"5843c2fb\" data-element_type=\"widget\" data-e-type=\"widget\" data-widget_type=\"html.default\">\n\t\t\t\t<div class=\"elementor-widget-container\">\n\t\t\t\t\t<a id=\"zl-url\" class=\"zl-url\" href=\"https:\/\/www.znanylekarz.pl\/maryna-kucharava\/lekarz-bez-specjalizacji\/kalisz\" rel=\"nofollow noopener\" data-zlw-doctor=\"maryna-kucharava\" data-zlw-type=\"big_with_calendar\" data-zlw-opinion=\"false\" data-zlw-hide-branding=\"true\" data-zlw-saas-only=\"false\" data-zlw-a11y-title=\"Widget um\u00f3wienia wizyty lekarskiej\" target=\"_blank\">Maryna Kucharava - ZnanyLekarz.pl<\/a><script>!function($_x,_s,id){var js,fjs=$_x.getElementsByTagName(_s)[0];if(!$_x.getElementById(id)){js = $_x.createElement(_s);js.id = id;js.src = \"\/\/platform.docplanner.com\/js\/widget.js\";fjs.parentNode.insertBefore(js,fjs);}}(document,\"script\",\"zl-widget-s\");<\/script>\t\t\t\t<\/div>\n\t\t\t\t<\/div>\n\t\t\t\t<div class=\"elementor-element elementor-element-28d174bc elementor-widget elementor-widget-html\" data-id=\"28d174bc\" data-element_type=\"widget\" data-e-type=\"widget\" data-widget_type=\"html.default\">\n\t\t\t\t<div class=\"elementor-widget-container\">\n\t\t\t\t\t<a id=\"zl-url\" class=\"zl-url\" href=\"https:\/\/www.znanylekarz.pl\/adrianna-wolniaszek\/lekarz-bez-specjalizacji\/kalisz\" rel=\"nofollow noopener\" data-zlw-doctor=\"adrianna-wolniaszek\" data-zlw-type=\"big_with_calendar\" data-zlw-opinion=\"false\" data-zlw-hide-branding=\"true\" data-zlw-saas-only=\"false\" data-zlw-a11y-title=\"Widget um\u00f3wienia wizyty lekarskiej\" target=\"_blank\">Adrianna Wolniaszek - ZnanyLekarz.pl<\/a><script>!function($_x,_s,id){var js,fjs=$_x.getElementsByTagName(_s)[0];if(!$_x.getElementById(id)){js = $_x.createElement(_s);js.id = id;js.src = \"\/\/platform.docplanner.com\/js\/widget.js\";fjs.parentNode.insertBefore(js,fjs);}}(document,\"script\",\"zl-widget-s\");<\/script>\t\t\t\t<\/div>\n\t\t\t\t<\/div>\n\t\t\t\t<\/div>\n\t\t\t\t<\/div>\n\t\t\t\t<\/div>\n\t\t\t\t<\/div>\n\t\t","protected":false},"excerpt":{"rendered":"<p>USG genetyczne &#8211; Kalisz USG genetyczne to badanie umo\u017cliwiaj\u0105ce dok\u0142adn\u0105 ocen\u0119 rozwoju p\u0142odu. Podczas tego badania lekarz analizuje budow\u0119 i funkcjonowanie kluczowych narz\u0105d\u00f3w wewn\u0119trznych, takich jak serce, m\u00f3zg, nerki czy \u017co\u0142\u0105dek. Cel USG genetycznego Badanie ma na celu ocen\u0119 struktury cia\u0142a p\u0142odu, w tym tu\u0142owia, ko\u0144czyn i g\u0142owy. W szczeg\u00f3lno\u015bci lekarz zwraca uwag\u0119 na: Przezierno\u015b\u0107 [&hellip;]<\/p>\n","protected":false},"author":1,"featured_media":0,"parent":0,"menu_order":0,"comment_status":"closed","ping_status":"closed","template":"","meta":{"_acf_changed":false,"footnotes":""},"class_list":["post-554","page","type-page","status-publish","hentry"],"acf":[],"_links":{"self":[{"href":"https:\/\/profemmina.pl\/uk\/wp-json\/wp\/v2\/pages\/554","targetHints":{"allow":["GET"]}}],"collection":[{"href":"https:\/\/profemmina.pl\/uk\/wp-json\/wp\/v2\/pages"}],"about":[{"href":"https:\/\/profemmina.pl\/uk\/wp-json\/wp\/v2\/types\/page"}],"author":[{"embeddable":true,"href":"https:\/\/profemmina.pl\/uk\/wp-json\/wp\/v2\/users\/1"}],"replies":[{"embeddable":true,"href":"https:\/\/profemmina.pl\/uk\/wp-json\/wp\/v2\/comments?post=554"}],"version-history":[{"count":52,"href":"https:\/\/profemmina.pl\/uk\/wp-json\/wp\/v2\/pages\/554\/revisions"}],"predecessor-version":[{"id":1666,"href":"https:\/\/profemmina.pl\/uk\/wp-json\/wp\/v2\/pages\/554\/revisions\/1666"}],"wp:attachment":[{"href":"https:\/\/profemmina.pl\/uk\/wp-json\/wp\/v2\/media?parent=554"}],"curies":[{"name":"wp","href":"https:\/\/api.w.org\/{rel}","templated":true}]}}